{"id":57,"date":"2015-10-05T22:53:06","date_gmt":"2015-10-05T20:53:06","guid":{"rendered":"http:\/\/m.internet-maerchen.de\/?page_id=57"},"modified":"2022-12-14T16:59:55","modified_gmt":"2022-12-14T15:59:55","slug":"57-2","status":"publish","type":"page","link":"https:\/\/internet-maerchen.de\/mobile\/57-2\/","title":{"rendered":"Impressum"},"content":{"rendered":"\n<p><span style=\"font-family: Arial;\"><strong>INTERNET-<span style=\"color: #804040;\">M\u00c4RCHEN<\/span><\/strong><\/span><br><strong><span style=\"font-family: Arial; font-size: x-small;\">www.internet-<\/span><span style=\"color: #804040; font-family: Arial; font-size: x-small;\">maerchen.de<\/span><\/strong><\/p>\n\n\n\n<p><span style=\"font-family: Arial;\"><strong>Ansprechpartner:<br><\/strong>Andreas Kniepert, Ather Strasse 43, 52146 W\u00fcrselen, Telefon: 02405 4262 614,&nbsp;<a title=\"Reveal this e-mail address\" href=\"http:\/\/www.google.com\/recaptcha\/mailhide\/d?k=01ZI7r-WeM2aUvyfVUPw6iDg==&amp;c=J0Osyt3rdddRBGLkYs9C1wuP3IpSZGjr2qLa6tYuc4o=\">b&#8230;<\/a>@internet-maerchen.de<br><\/span><\/p>\n\n\n\n<p><span style=\"font-family: Arial;\"><strong>Inhaltlich Verantwortlicher gem\u00e4\u00df \u00a7 55 Abs. 2 RStV: <\/strong><br>Andreas Kniepert (Anschrift wie oben) <\/span><\/p>\n\n\n\n<p><span style=\"font-family: Arial;\"><strong>Informationen und Werbung:<br><\/strong>INTERNET-TOTAL &#8211; Telefon: 01805 444 894 024* &#8211;&nbsp;<a title=\"Reveal this e-mail address\" href=\"http:\/\/www.google.com\/recaptcha\/mailhide\/d?k=01ZI7r-WeM2aUvyfVUPw6iDg==&amp;c=J0Osyt3rdddRBGLkYs9C1wuP3IpSZGjr2qLa6tYuc4o=\">b&#8230;<\/a>@internet-maerchen.de<br><\/span><\/p>\n\n\n\n<p><span style=\"font-size: x-small;\">*) Der Anruf kostet 14 ct\/min aus dem deutschen Festnetz. Mobilfunkh\u00f6chstpreis 42 ct\/min.<\/span><\/p>\n\n\n\n<!--more-->\n\n\n\n<p>\n<strong style=\"font-weight: bold; color: rgb(68, 68, 68); font-family: 'Open Sans', Helvetica, Arial, sans-serif; font-style: normal; font-variant-ligatures: normal; font-variant-caps: normal; letter-spacing: normal; orphans: 2; text-align: start; text-indent: 0px; text-transform: none; white-space: pre-wrap; widows: 2; word-spacing: 0px; -webkit-text-stroke-width: 0px; text-decoration-thickness: initial; text-decoration-style: initial; text-decoration-color: initial; background-color: rgb(255, 255, 255)\">\n<span data-rich-text-format-boundary=\"true\" style=\"border-radius: 2px; background-color: rgba(68, 68, 68, 0.2); font-family: Verdana;\">\nHaftungshinweis:<br data-rich-text-line-break=\"true\">\n<\/span><\/strong>\n<span style=\"color: rgb(68, 68, 68); font-style: normal; font-variant-ligatures: normal; font-variant-caps: normal; font-weight: 400; letter-spacing: normal; orphans: 2; text-align: start; text-indent: 0px; text-transform: none; white-space: pre-wrap; widows: 2; word-spacing: 0px; -webkit-text-stroke-width: 0px; text-decoration-thickness: initial; text-decoration-style: initial; text-decoration-color: initial; font-family: Verdana; background-color: rgb(255, 255, 255)\">\nTrotz sorgf\u00e4ltiger inhaltlicher Kontrolle \u00fcbernehmen wir keine Haftung f\u00fcr die \nInhalte externer Links. F\u00fcr den Inhalt der verlinkten Seiten sind ausschlie\u00dflich \nderen Betreiber verantwortlich.<br data-rich-text-line-break=\"true\">\nDiese Website benutzt Google Analytics, einen Webanalysedienst der Google Inc. \n(\u201eGoogle\u201c). Google Analytics verwendet sog. \u201eCookies\u201c, Textdateien, die auf \nIhrem Computer gespeichert werden und die eine Analyse der Benutzung der Website \ndurch Sie erm\u00f6glichen. Die durch das Cookie erzeugten Informationen \u00fcber Ihre \nBenutzung dieser Website (einschlie\u00dflich Ihrer IP-Adresse) wird an einen Server \nvon Google in den USA \u00fcbertragen und dort gespeichert. Google wird diese \nInformationen benutzen, um Ihre Nutzung der Website auszuwerten, um Reports \u00fcber \ndie Websiteaktivit\u00e4ten f\u00fcr die Websitebetreiber zusammenzustellen und um weitere \nmit der Websitenutzung und der Internetnutzung verbundene Dienstleistungen zu \nerbringen. Auch wird Google diese Informationen gegebenenfalls an Dritte \n\u00fcbertragen, sofern dies gesetzlich vorgeschrieben oder soweit Dritte diese Daten \nim Auftrag von Google verarbeiten. Google wird in keinem Fall Ihre IP-Adresse \nmit anderen Daten von Google in Verbindung bringen. Sie k\u00f6nnen die Installation \nder Cookies durch eine entsprechende Einstellung Ihrer Browser Software \nverhindern; wir weisen Sie jedoch darauf hin, dass Sie in diesem Fall \ngegebenenfalls nicht s\u00e4mtliche Funktionen dieser Website vollumf\u00e4nglich nutzen \nk\u00f6nnen. Durch die Nutzung dieser Website erkl\u00e4ren Sie sich mit der Bearbeitung \nder \u00fcber Sie erhobenen Daten durch Google in der zuvor beschriebenen Art und \nWeise und zu dem zuvor benannten Zweck einverstanden. ..oder lesen Sie folgende \nInfo-Seite von Google:&nbsp;\n<a rel=\"noopener\" target=\"_blank\" style=\"color: rgb(33, 117, 155); transition: none 0s ease 0s; outline: none;\" href=\"http:\/\/tools.google.com\/dlpage\/gaoptout?hl=de\">\nBrowser-Add-on zur Deaktivierung von Google Analytics<\/a><\/span><font face=\"Verdana\" style=\"color: rgb(68, 68, 68); font-style: normal; font-variant-ligatures: normal; font-variant-caps: normal; font-weight: 400; letter-spacing: normal; orphans: 2; text-align: start; text-indent: 0px; text-transform: none; white-space: pre-wrap; widows: 2; word-spacing: 0px; -webkit-text-stroke-width: 0px; text-decoration-thickness: initial; text-decoration-style: initial; text-decoration-color: initial; background-color: rgb(255, 255, 255)\"><br data-rich-text-line-break=\"true\">\n<br data-rich-text-line-break=\"true\">\n<\/font>\n<span style=\"color: rgb(68, 68, 68); font-style: normal; font-variant-ligatures: normal; font-variant-caps: normal; font-weight: 400; letter-spacing: normal; orphans: 2; text-align: start; text-indent: 0px; text-transform: none; white-space: pre-wrap; widows: 2; word-spacing: 0px; -webkit-text-stroke-width: 0px; text-decoration-thickness: initial; text-decoration-style: initial; text-decoration-color: initial; font-family: Verdana; background-color: rgb(255, 255, 255)\">\n<strong style=\"font-weight: bold;\">Verwendung von Social Network-Plugins:<\/strong><br data-rich-text-line-break=\"true\">\nAuf diesen Internetseiten werden Social Network Plugins verwendet. Wenn Sie mit \neinen solchen Plugin versehene Internetseiten unserer Internetpr\u00e4senz aufrufen, \nwird eine Verbindung zu den jew. Social-Network Servern (z.B. Facebook, Twitter \noder andere) hergestellt. Hierdurch wird an den Server des jew. Social-Networks \n\u00fcbermittelt, welche unserer Internetseiten Sie besucht haben. Sind Sie dabei als \nMitglied bei dem jew. Social-Network eingeloggt, ordnet dieses die Information \nIhrem pers\u00f6nlichen Benutzerkonto zu. Bei der Nutzung der Plugin-Funktionen (z.B. \nAnklicken des \u201eGef\u00e4llt mir&#8220;-Buttons, Abgabe eines Kommentars) werden auch diese \nInformationen dem Mitgliedsprofil in Ihrem Social-Network zugeordnet, was Sie \nnur durch Ausloggen vor Nutzung des Plugins verhindern k\u00f6nnen. N\u00e4here \nInformationen zur Erhebung und Nutzung der Daten durch Social-Networks, sowie \n\u00fcber Ihre diesbez\u00fcglichen Rechte und M\u00f6glichkeiten zum Schutz Ihrer Privatsph\u00e4re \nfinden Sie in den Datenschutzhinweisen Ihres Social-Networks.<\/span><\/p>\n","protected":false},"excerpt":{"rendered":"<p>INTERNET-M\u00c4RCHENwww.internet-maerchen.de Ansprechpartner:Andreas Kniepert, Ather Strasse 43, 52146 W\u00fcrselen, Telefon: 02405 4262 614,&nbsp;b&#8230;@internet-maerchen.de Inhaltlich Verantwortlicher gem\u00e4\u00df \u00a7 55 Abs. 2 RStV: Andreas Kniepert (Anschrift wie oben) Informationen und Werbung:INTERNET-TOTAL &#8211; Telefon: 01805 444 894 024* &#8211;&nbsp;b&#8230;@internet-maerchen.de *) Der Anruf kostet 14 ct\/min aus dem deutschen Festnetz. Mobilfunkh\u00f6chstpreis 42 ct\/min.<\/p>\n","protected":false},"author":1,"featured_media":0,"parent":0,"menu_order":0,"comment_status":"closed","ping_status":"closed","template":"","meta":{"pgc_sgb_lightbox_settings":"","footnotes":""},"class_list":["post-57","page","type-page","status-publish","hentry"],"_links":{"self":[{"href":"https:\/\/internet-maerchen.de\/mobile\/wp-json\/wp\/v2\/pages\/57","targetHints":{"allow":["GET"]}}],"collection":[{"href":"https:\/\/internet-maerchen.de\/mobile\/wp-json\/wp\/v2\/pages"}],"about":[{"href":"https:\/\/internet-maerchen.de\/mobile\/wp-json\/wp\/v2\/types\/page"}],"author":[{"embeddable":true,"href":"https:\/\/internet-maerchen.de\/mobile\/wp-json\/wp\/v2\/users\/1"}],"replies":[{"embeddable":true,"href":"https:\/\/internet-maerchen.de\/mobile\/wp-json\/wp\/v2\/comments?post=57"}],"version-history":[{"count":5,"href":"https:\/\/internet-maerchen.de\/mobile\/wp-json\/wp\/v2\/pages\/57\/revisions"}],"predecessor-version":[{"id":1621,"href":"https:\/\/internet-maerchen.de\/mobile\/wp-json\/wp\/v2\/pages\/57\/revisions\/1621"}],"wp:attachment":[{"href":"https:\/\/internet-maerchen.de\/mobile\/wp-json\/wp\/v2\/media?parent=57"}],"curies":[{"name":"wp","href":"https:\/\/api.w.org\/{rel}","templated":true}]}}