{"id":2337,"date":"2024-09-27T02:51:33","date_gmt":"2024-09-27T00:51:33","guid":{"rendered":"https:\/\/internet-maerchen.de\/mobile\/?page_id=2337"},"modified":"2024-10-14T15:23:05","modified_gmt":"2024-10-14T13:23:05","slug":"gewinnspiel-der-wilde-roboter","status":"publish","type":"page","link":"https:\/\/internet-maerchen.de\/mobile\/gewinnspiel-der-wilde-roboter\/","title":{"rendered":"Gewinnspiel &#8211; Der wilde Roboter"},"content":{"rendered":"\n<figure class=\"wp-block-embed is-type-video is-provider-youtube wp-block-embed-youtube wp-embed-aspect-16-9 wp-has-aspect-ratio\"><div class=\"wp-block-embed__wrapper\">\n<iframe loading=\"lazy\" title=\"DER WILDE ROBOTER Finaler Trailer German Deutsch (2024)\" width=\"500\" height=\"281\" src=\"https:\/\/www.youtube.com\/embed\/cNEvX28Zz2c?feature=oembed\" frameborder=\"0\" allow=\"accelerometer; autoplay; clipboard-write; encrypted-media; gyroscope; picture-in-picture; web-share\" referrerpolicy=\"strict-origin-when-cross-origin\" allowfullscreen><\/iframe>\n<\/div><\/figure>\n\n\n\n<p><strong>Kurzinhalt&#8230;.<\/strong><\/p>\n\n\n\n<p>Rozzum 7134 \u2013 kurz \u201eRoz\u201c \u2013 ist kein gew\u00f6hnlicher Roboter. Sie wurde eigentlich als Unterst\u00fctzung f\u00fcr eine futuristische urbane Welt entwickelt, doch nun hat sie Schiffbruch erlitten und ist auf einer einsamen Insel gestrandet. Mit M\u00fche baut sie Beziehungen zu den zun\u00e4chst argw\u00f6hnischen Tieren auf und lernt, sich an die ungewohnte, raue Umgebung anzupassen.<\/p>\n\n\n\n<p>Das gro\u00dfe Abenteuer beginnt, als sie durch einen Zufall zur Besch\u00fctzerin eines hilflosen, verwaisten G\u00e4nsek\u00fckens wird und die wahre Bedeutung des Lebens entdeckt. Nur gemeinsam k\u00f6nnen die beiden in der Wildnis \u00fcberleben, wo sie von Fremden zu Freunden werden und schlie\u00dflich zu einer Familie zusammenwachsen.<\/p>\n\n\n\n<p>Als Roz von ihrer geheimnisvollen Vergangenheit eingeholt wird, \u00fcberwindet sie ihre Programmierung und verteidigt als <strong>DER WILDE ROBOTER<\/strong> an der Seite ihrer Gef\u00e4hrten ihre neue Heimat.<\/p>\n\n\n\n<div class=\"wp-block-contact-form-7-contact-form-selector\">\n<div class=\"wpcf7 no-js\" id=\"wpcf7-f2336-o1\" lang=\"de-DE\" dir=\"ltr\" data-wpcf7-id=\"2336\">\n<div class=\"screen-reader-response\"><p role=\"status\" aria-live=\"polite\" aria-atomic=\"true\"><\/p> <ul><\/ul><\/div>\n<form action=\"\/mobile\/wp-json\/wp\/v2\/pages\/2337#wpcf7-f2336-o1\" method=\"post\" class=\"wpcf7-form init\" aria-label=\"Kontaktformular\" novalidate=\"novalidate\" data-status=\"init\">\n<fieldset class=\"hidden-fields-container\"><input type=\"hidden\" name=\"_wpcf7\" value=\"2336\" \/><input type=\"hidden\" name=\"_wpcf7_version\" value=\"6.1.5\" \/><input type=\"hidden\" name=\"_wpcf7_locale\" value=\"de_DE\" \/><input type=\"hidden\" name=\"_wpcf7_unit_tag\" value=\"wpcf7-f2336-o1\" \/><input type=\"hidden\" name=\"_wpcf7_container_post\" value=\"0\" \/><input type=\"hidden\" name=\"_wpcf7_posted_data_hash\" value=\"\" \/><input type=\"hidden\" name=\"_wpcf7_recaptcha_response\" value=\"\" \/>\n<\/fieldset>\n<hr \/>\n<p><strong><b>Gewinnspiel der wilde Roboter<\/b><\/strong>\n<\/p>\n<p><b>GEWINNSPIEL BEENDET<\/b><br \/>\n<hr \/>\n<\/p>\n<p>Name: <strong><span class=\"wpcf7-form-control-wrap\" data-name=\"name-698\"><input size=\"40\" maxlength=\"400\" class=\"wpcf7-form-control wpcf7-text wpcf7-validates-as-required\" aria-required=\"true\" aria-invalid=\"false\" placeholder=\"Name\" value=\"\" type=\"text\" name=\"name-698\" \/><\/span><\/strong>\n<\/p>\n<p>Strasse\/Nr.: <span class=\"wpcf7-form-control-wrap\" data-name=\"strasse-698\"><input size=\"40\" maxlength=\"400\" class=\"wpcf7-form-control wpcf7-text wpcf7-validates-as-required\" aria-required=\"true\" aria-invalid=\"false\" placeholder=\"Strasse-Hausnr\" value=\"\" type=\"text\" name=\"strasse-698\" \/><\/span>\n<\/p>\n<p>PLZ\/Ort: <span class=\"wpcf7-form-control-wrap\" data-name=\"ort-698\"><input size=\"40\" maxlength=\"400\" class=\"wpcf7-form-control wpcf7-text wpcf7-validates-as-required\" aria-required=\"true\" aria-invalid=\"false\" placeholder=\"PLZ \/Ort\" value=\"\" type=\"text\" name=\"ort-698\" \/><\/span>\n<\/p>\n<p>Telefon: <span class=\"wpcf7-form-control-wrap\" data-name=\"tel-203\"><input size=\"40\" maxlength=\"400\" class=\"wpcf7-form-control wpcf7-tel wpcf7-text wpcf7-validates-as-tel\" aria-invalid=\"false\" value=\"\" type=\"tel\" name=\"tel-203\" \/><\/span>\n<\/p>\n<p>E-Mail: <span class=\"wpcf7-form-control-wrap\" data-name=\"email-573\"><input size=\"40\" maxlength=\"400\" class=\"wpcf7-form-control wpcf7-email wpcf7-validates-as-required wpcf7-text wpcf7-validates-as-email\" aria-required=\"true\" aria-invalid=\"false\" value=\"\" type=\"email\" name=\"email-573\" \/><\/span>\n<\/p>\n<hr \/>\n<p><b>Frage: Wie hei\u00dft das G\u00e4nsek\u00fcken, um das sich der wilde Roboter k\u00fcmmert? <\/b>\n<\/p>\n<p><span class=\"wpcf7-form-control-wrap\" data-name=\"menu-322\"><select class=\"wpcf7-form-control wpcf7-select wpcf7-validates-as-required\" aria-required=\"true\" aria-invalid=\"false\" name=\"menu-322\"><option value=\"\">&#8211; Bitte ausw\u00e4hlen &#8211;<\/option><option value=\"Fink\">Fink<\/option><option value=\"Roz\">Roz<\/option><option value=\"Brightbill\">Brightbill<\/option><\/select><\/span>\n<\/p>\n<hr \/>\n<p><br \/>\n<span class=\"wpcf7-form-control-wrap\" data-name=\"Datenschutzerklaerung\"><span class=\"wpcf7-form-control wpcf7-acceptance\"><span class=\"wpcf7-list-item\"><label><input type=\"checkbox\" name=\"Datenschutzerklaerung\" value=\"1\" aria-invalid=\"false\" \/><span class=\"wpcf7-list-item-label\">Ich stimme der Datenschutzerkl\u00e4rung zu.*<\/span><\/label><\/span><\/span><\/span><a href=\"https:\/\/tinyurl.com\/y7qp43h9\"><br \/>\n\t\t<font size=\"2\">Datenschutzerkl\u00e4rung - hier klicken\n\t\t<\/font><\/a>\n<\/p>\n<p><div class=\"dscf7-captcha-container\"><input name=\"dscf7_hidden_val1-dscf7captcha-522\" id=\"dscf7_hidden_val1-dscf7captcha-522\" type=\"hidden\" value=\"1\" \/><input name=\"dscf7_hidden_val2-dscf7captcha-522\" id=\"dscf7_hidden_val2-dscf7captcha-522\" type=\"hidden\" value=\"5\" \/><input name=\"dscf7_hidden_action-dscf7captcha-522\" id=\"dscf7_hidden_action-dscf7captcha-522\" type=\"hidden\" value=\"+\" \/><div class=\"dscf7-question-container\"><span class=\"dscf7_lt\">What is 5 + 1 ? <a href=\"javascript:void(0)\" id=\"dscf7captcha-522\" class=\"dscf7_refresh_captcha\" aria-label=\"Refresh captcha\"><img decoding=\"async\" class=\"dscf7_captcha_icon\" src=\"https:\/\/internet-maerchen.de\/mobile\/wp-content\/plugins\/ds-cf7-math-captcha\/assets\/img\/icons8-refresh-30.png\" alt=\"Refresh icon\"\/><img decoding=\"async\" class=\"dscf7_captcha_reload_icon\" src=\"https:\/\/internet-maerchen.de\/mobile\/wp-content\/plugins\/ds-cf7-math-captcha\/assets\/img\/446bcd468478f5bfb7b4e5c804571392_w200.gif\" alt=\"Refreshing captcha\" style=\"display:none; width:30px\" \/><\/a><\/span><\/div><div class=\"dscf7-answer-container\"><label for=\"dscf7captcha-522-input\" class=\"screen-reader-text\">Answer for 5 + 1<\/label><span class=\"wpcf7-form-control-wrap\" data-name=\"dscf7captcha-522\"><input type=\"text\" id=\"dscf7captcha-522-input\" aria-label=\"Answer for 5 + 1\" class=\"wpcf7-form-control wpcf7-text\" size=\"5\" value=\"\" name=\"dscf7captcha-522\" placeholder=\"Antwort eingeben\" style=\"\" oninput=\"this.value = this.value.replace(\/[^0-9.]\/g, '').replace(\/(\\..*)\\.\/g, '$1');\"><\/span><input type=\"hidden\" name=\"ds_cf7_nonce\" value=\"85bb192360\"><\/div><\/div>\n<\/p>\n<hr \/>\n<p>*) Pflichtfelder\n<\/p>\n<hr \/>\n<p>Viel Gl\u00fcck.\n<\/p><div class=\"wpcf7-response-output\" aria-hidden=\"true\"><\/div>\n<\/form>\n<\/div>\n<\/div>\n\n\n\n<figure class=\"wp-block-image size-large\"><a href=\"https:\/\/internet-maerchen.de\/mobile\/wp-content\/uploads\/2024\/09\/website-banner.jpg\" rel=\"lightbox[2337]\"><img loading=\"lazy\" decoding=\"async\" width=\"940\" height=\"457\" src=\"https:\/\/internet-maerchen.de\/mobile\/wp-content\/uploads\/2024\/09\/website-banner-940x457.jpg\" alt=\"\" class=\"wp-image-2338\" srcset=\"https:\/\/internet-maerchen.de\/mobile\/wp-content\/uploads\/2024\/09\/website-banner-940x457.jpg 940w, https:\/\/internet-maerchen.de\/mobile\/wp-content\/uploads\/2024\/09\/website-banner-620x302.jpg 620w, https:\/\/internet-maerchen.de\/mobile\/wp-content\/uploads\/2024\/09\/website-banner-300x146.jpg 300w, https:\/\/internet-maerchen.de\/mobile\/wp-content\/uploads\/2024\/09\/website-banner-768x374.jpg 768w, https:\/\/internet-maerchen.de\/mobile\/wp-content\/uploads\/2024\/09\/website-banner-1536x747.jpg 1536w, https:\/\/internet-maerchen.de\/mobile\/wp-content\/uploads\/2024\/09\/website-banner-1320x642.jpg 1320w, https:\/\/internet-maerchen.de\/mobile\/wp-content\/uploads\/2024\/09\/website-banner.jpg 1799w\" sizes=\"auto, (max-width: 940px) 100vw, 940px\" \/><\/a><\/figure>\n","protected":false},"excerpt":{"rendered":"<p>Kurzinhalt&#8230;. Rozzum 7134 \u2013 kurz \u201eRoz\u201c \u2013 ist kein gew\u00f6hnlicher Roboter. Sie wurde eigentlich als Unterst\u00fctzung f\u00fcr eine futuristische urbane Welt entwickelt, doch nun hat sie Schiffbruch erlitten und ist auf einer einsamen Insel gestrandet. Mit M\u00fche baut sie Beziehungen zu den zun\u00e4chst argw\u00f6hnischen Tieren auf und lernt, sich an die ungewohnte, raue Umgebung anzupassen. [&hellip;]<\/p>\n","protected":false},"author":1,"featured_media":0,"parent":0,"menu_order":0,"comment_status":"closed","ping_status":"closed","template":"","meta":{"pgc_sgb_lightbox_settings":"","footnotes":""},"class_list":["post-2337","page","type-page","status-publish","hentry"],"_links":{"self":[{"href":"https:\/\/internet-maerchen.de\/mobile\/wp-json\/wp\/v2\/pages\/2337","targetHints":{"allow":["GET"]}}],"collection":[{"href":"https:\/\/internet-maerchen.de\/mobile\/wp-json\/wp\/v2\/pages"}],"about":[{"href":"https:\/\/internet-maerchen.de\/mobile\/wp-json\/wp\/v2\/types\/page"}],"author":[{"embeddable":true,"href":"https:\/\/internet-maerchen.de\/mobile\/wp-json\/wp\/v2\/users\/1"}],"replies":[{"embeddable":true,"href":"https:\/\/internet-maerchen.de\/mobile\/wp-json\/wp\/v2\/comments?post=2337"}],"version-history":[{"count":2,"href":"https:\/\/internet-maerchen.de\/mobile\/wp-json\/wp\/v2\/pages\/2337\/revisions"}],"predecessor-version":[{"id":5139,"href":"https:\/\/internet-maerchen.de\/mobile\/wp-json\/wp\/v2\/pages\/2337\/revisions\/5139"}],"wp:attachment":[{"href":"https:\/\/internet-maerchen.de\/mobile\/wp-json\/wp\/v2\/media?parent=2337"}],"curies":[{"name":"wp","href":"https:\/\/api.w.org\/{rel}","templated":true}]}}